{"id":11,"date":"2025-06-03T16:38:38","date_gmt":"2025-06-03T16:38:38","guid":{"rendered":"https:\/\/biza-coast.com\/?page_id=11"},"modified":"2025-06-03T17:39:54","modified_gmt":"2025-06-03T17:39:54","slug":"contact-2","status":"publish","type":"page","link":"https:\/\/biza-coast.com\/index.php\/contact-2\/","title":{"rendered":"Contact"},"content":{"rendered":"\n<div class=\"forminator-guttenberg\"><div class=\"forminator-ui forminator-custom-form forminator-custom-form-116 forminator-design--material  forminator_ajax\" data-forminator-render=\"0\" data-form=\"forminator-module-116\" data-uid=\"69e24be027b38\"><br\/><\/div><form\n\t\t\t\tid=\"forminator-module-116\"\n\t\t\t\tclass=\"forminator-ui forminator-custom-form forminator-custom-form-116 forminator-design--material  forminator_ajax\"\n\t\t\t\tmethod=\"post\"\n\t\t\t\tdata-forminator-render=\"0\"\n\t\t\t\tdata-form-id=\"116\"\n\t\t\t\t\n\t\t\t\tdata-design=\"material\"\n\t\t\t\t\n\t\t\t\t\n\t\t\t\t\n\t\t\t\tdata-grid=\"open\"\n\t\t\t\t\n\t\t\t\t\n\t\t\t\tstyle=\"display: none;\"\n\t\t\t\t\n\t\t\t\tdata-uid=\"69e24be027b38\"\n\t\t\t><div role=\"alert\" aria-live=\"polite\" class=\"forminator-response-message forminator-error\" aria-hidden=\"true\"><\/div><div class=\"forminator-row\"><div id=\"name-1\" class=\"forminator-field-name forminator-col forminator-col-12 \"><div class=\"forminator-field\"><label for=\"forminator-field-name-1_69e24be027b38\" id=\"forminator-field-name-1_69e24be027b38-label\" class=\"forminator-label\">Pr\u00e9nom <span class=\"forminator-required\">*<\/span><\/label><input type=\"text\" name=\"name-1\" value=\"\" placeholder=\"\" id=\"forminator-field-name-1_69e24be027b38\" class=\"forminator-input forminator-name--field\" aria-required=\"true\" \/><\/div><\/div><\/div><div class=\"forminator-row\"><div id=\"email-1\" class=\"forminator-field-email forminator-col forminator-col-12 \"><div class=\"forminator-field\"><label for=\"forminator-field-email-1_69e24be027b38\" id=\"forminator-field-email-1_69e24be027b38-label\" class=\"forminator-label\">Adresse de messagerie <span class=\"forminator-required\">*<\/span><\/label><input type=\"email\" name=\"email-1\" value=\"\" placeholder=\"\" id=\"forminator-field-email-1_69e24be027b38\" class=\"forminator-input forminator-email--field\" data-required=\"true\" aria-required=\"true\" \/><\/div><\/div><\/div><div class=\"forminator-row\"><div id=\"phone-1\" class=\"forminator-field-phone forminator-col forminator-col-12 \"><div class=\"forminator-field\"><label for=\"forminator-field-phone-1_69e24be027b38\" id=\"forminator-field-phone-1_69e24be027b38-label\" class=\"forminator-label\">Num\u00e9ro de t\u00e9l\u00e9phone<\/label><input type=\"text\" name=\"phone-1\" value=\"\" placeholder=\"\" id=\"forminator-field-phone-1_69e24be027b38\" class=\"forminator-input forminator-field--phone\" data-required=\"\" aria-required=\"false\" autocomplete=\"off\" \/><\/div><\/div><\/div><div class=\"forminator-row\"><div id=\"textarea-1\" class=\"forminator-field-textarea forminator-col forminator-col-12 \"><div class=\"forminator-field\"><label for=\"forminator-field-textarea-1_69e24be027b38\" id=\"forminator-field-textarea-1_69e24be027b38-label\" class=\"forminator-label\">Message<\/label><span id=\"forminator-field-textarea-1_69e24be027b38-description\" class=\"forminator-description\"><span data-limit=\"180\" data-type=\"characters\" data-editor=\"\">0 \/ 180<\/span><\/span><textarea name=\"textarea-1\" placeholder=\"\" id=\"forminator-field-textarea-1_69e24be027b38\" class=\"forminator-textarea\" rows=\"6\" style=\"min-height:140px;\" maxlength=\"180\" ><\/textarea><\/div><\/div><\/div><input type=\"hidden\" name=\"referer_url\" value=\"\" \/><div class=\"forminator-row forminator-row-last\"><div class=\"forminator-col\"><div class=\"forminator-field\"><button class=\"forminator-button forminator-button-submit\"><span>Envoyer<\/span><span aria-hidden=\"true\"><\/span><\/button><\/div><\/div><\/div><input type=\"hidden\" id=\"forminator_nonce\" name=\"forminator_nonce\" value=\"bc1aea1689\" \/><input type=\"hidden\" name=\"_wp_http_referer\" value=\"\/index.php\/wp-json\/wp\/v2\/pages\/11\" \/><input type=\"hidden\" name=\"form_id\" value=\"116\"><input type=\"hidden\" name=\"page_id\" value=\"11\"><input type=\"hidden\" name=\"form_type\" value=\"default\"><input type=\"hidden\" name=\"current_url\" value=\"https:\/\/biza-coast.com\/index.php\/contact-2\/\"><input type=\"hidden\" name=\"render_id\" value=\"0\"><input type=\"hidden\" name=\"action\" value=\"forminator_submit_form_custom-forms\"><\/form><\/div>\n","protected":false},"excerpt":{"rendered":"","protected":false},"author":1,"featured_media":8,"parent":0,"menu_order":0,"comment_status":"closed","ping_status":"closed","template":"","meta":{"ngg_post_thumbnail":0,"footnotes":""},"class_list":["post-11","page","type-page","status-publish","has-post-thumbnail","hentry"],"yoast_head":"<!-- This site is optimized with the Yoast SEO plugin v25.2 - https:\/\/yoast.com\/wordpress\/plugins\/seo\/ -->\n<title>Contact - BiZa Coast<\/title>\n<meta name=\"robots\" content=\"index, follow, max-snippet:-1, max-image-preview:large, max-video-preview:-1\" \/>\n<link rel=\"canonical\" href=\"https:\/\/biza-coast.com\/index.php\/contact-2\/\" \/>\n<meta property=\"og:locale\" content=\"fr_FR\" \/>\n<meta property=\"og:type\" content=\"article\" \/>\n<meta property=\"og:title\" content=\"Contact - BiZa Coast\" \/>\n<meta property=\"og:url\" content=\"https:\/\/biza-coast.com\/index.php\/contact-2\/\" \/>\n<meta property=\"og:site_name\" content=\"BiZa Coast\" \/>\n<meta property=\"article:modified_time\" content=\"2025-06-03T17:39:54+00:00\" \/>\n<meta property=\"og:image\" content=\"https:\/\/biza-coast.com\/wp-content\/uploads\/2025\/06\/StockSnap_6O7JXC5DC5.jpg\" \/>\n\t<meta property=\"og:image:width\" content=\"2200\" \/>\n\t<meta property=\"og:image:height\" content=\"1468\" \/>\n\t<meta property=\"og:image:type\" content=\"image\/jpeg\" \/>\n<meta name=\"twitter:card\" content=\"summary_large_image\" \/>\n<meta name=\"twitter:label1\" content=\"Dur\u00e9e de lecture estim\u00e9e\" \/>\n\t<meta name=\"twitter:data1\" content=\"1 minute\" \/>\n<script type=\"application\/ld+json\" class=\"yoast-schema-graph\">{\"@context\":\"https:\/\/schema.org\",\"@graph\":[{\"@type\":\"WebPage\",\"@id\":\"https:\/\/biza-coast.com\/index.php\/contact-2\/\",\"url\":\"https:\/\/biza-coast.com\/index.php\/contact-2\/\",\"name\":\"Contact - BiZa Coast\",\"isPartOf\":{\"@id\":\"https:\/\/biza-coast.com\/#website\"},\"primaryImageOfPage\":{\"@id\":\"https:\/\/biza-coast.com\/index.php\/contact-2\/#primaryimage\"},\"image\":{\"@id\":\"https:\/\/biza-coast.com\/index.php\/contact-2\/#primaryimage\"},\"thumbnailUrl\":\"https:\/\/biza-coast.com\/wp-content\/uploads\/2025\/06\/StockSnap_6O7JXC5DC5.jpg\",\"datePublished\":\"2025-06-03T16:38:38+00:00\",\"dateModified\":\"2025-06-03T17:39:54+00:00\",\"breadcrumb\":{\"@id\":\"https:\/\/biza-coast.com\/index.php\/contact-2\/#breadcrumb\"},\"inLanguage\":\"fr-FR\",\"potentialAction\":[{\"@type\":\"ReadAction\",\"target\":[\"https:\/\/biza-coast.com\/index.php\/contact-2\/\"]}]},{\"@type\":\"ImageObject\",\"inLanguage\":\"fr-FR\",\"@id\":\"https:\/\/biza-coast.com\/index.php\/contact-2\/#primaryimage\",\"url\":\"https:\/\/biza-coast.com\/wp-content\/uploads\/2025\/06\/StockSnap_6O7JXC5DC5.jpg\",\"contentUrl\":\"https:\/\/biza-coast.com\/wp-content\/uploads\/2025\/06\/StockSnap_6O7JXC5DC5.jpg\",\"width\":2200,\"height\":1468},{\"@type\":\"BreadcrumbList\",\"@id\":\"https:\/\/biza-coast.com\/index.php\/contact-2\/#breadcrumb\",\"itemListElement\":[{\"@type\":\"ListItem\",\"position\":1,\"name\":\"Accueil\",\"item\":\"https:\/\/biza-coast.com\/\"},{\"@type\":\"ListItem\",\"position\":2,\"name\":\"Contact\"}]},{\"@type\":\"WebSite\",\"@id\":\"https:\/\/biza-coast.com\/#website\",\"url\":\"https:\/\/biza-coast.com\/\",\"name\":\"BiZa Coast\",\"description\":\"\",\"publisher\":{\"@id\":\"https:\/\/biza-coast.com\/#organization\"},\"potentialAction\":[{\"@type\":\"SearchAction\",\"target\":{\"@type\":\"EntryPoint\",\"urlTemplate\":\"https:\/\/biza-coast.com\/?s={search_term_string}\"},\"query-input\":{\"@type\":\"PropertyValueSpecification\",\"valueRequired\":true,\"valueName\":\"search_term_string\"}}],\"inLanguage\":\"fr-FR\"},{\"@type\":\"Organization\",\"@id\":\"https:\/\/biza-coast.com\/#organization\",\"name\":\"BiZa Coast\",\"url\":\"https:\/\/biza-coast.com\/\",\"logo\":{\"@type\":\"ImageObject\",\"inLanguage\":\"fr-FR\",\"@id\":\"https:\/\/biza-coast.com\/#\/schema\/logo\/image\/\",\"url\":\"https:\/\/biza-coast.com\/wp-content\/uploads\/2025\/06\/cropped-a-logo-design-featuring-a-flowing-elegan_P3ZLV_SqQwu2HespQgzxpA_7s5iTuAUQP6lYK8U5Eum6w.jpeg\",\"contentUrl\":\"https:\/\/biza-coast.com\/wp-content\/uploads\/2025\/06\/cropped-a-logo-design-featuring-a-flowing-elegan_P3ZLV_SqQwu2HespQgzxpA_7s5iTuAUQP6lYK8U5Eum6w.jpeg\",\"width\":720,\"height\":658,\"caption\":\"BiZa Coast\"},\"image\":{\"@id\":\"https:\/\/biza-coast.com\/#\/schema\/logo\/image\/\"}}]}<\/script>\n<!-- \/ Yoast SEO plugin. -->","yoast_head_json":{"title":"Contact - BiZa Coast","robots":{"index":"index","follow":"follow","max-snippet":"max-snippet:-1","max-image-preview":"max-image-preview:large","max-video-preview":"max-video-preview:-1"},"canonical":"https:\/\/biza-coast.com\/index.php\/contact-2\/","og_locale":"fr_FR","og_type":"article","og_title":"Contact - BiZa Coast","og_url":"https:\/\/biza-coast.com\/index.php\/contact-2\/","og_site_name":"BiZa Coast","article_modified_time":"2025-06-03T17:39:54+00:00","og_image":[{"width":2200,"height":1468,"url":"https:\/\/biza-coast.com\/wp-content\/uploads\/2025\/06\/StockSnap_6O7JXC5DC5.jpg","type":"image\/jpeg"}],"twitter_card":"summary_large_image","twitter_misc":{"Dur\u00e9e de lecture estim\u00e9e":"1 minute"},"schema":{"@context":"https:\/\/schema.org","@graph":[{"@type":"WebPage","@id":"https:\/\/biza-coast.com\/index.php\/contact-2\/","url":"https:\/\/biza-coast.com\/index.php\/contact-2\/","name":"Contact - BiZa Coast","isPartOf":{"@id":"https:\/\/biza-coast.com\/#website"},"primaryImageOfPage":{"@id":"https:\/\/biza-coast.com\/index.php\/contact-2\/#primaryimage"},"image":{"@id":"https:\/\/biza-coast.com\/index.php\/contact-2\/#primaryimage"},"thumbnailUrl":"https:\/\/biza-coast.com\/wp-content\/uploads\/2025\/06\/StockSnap_6O7JXC5DC5.jpg","datePublished":"2025-06-03T16:38:38+00:00","dateModified":"2025-06-03T17:39:54+00:00","breadcrumb":{"@id":"https:\/\/biza-coast.com\/index.php\/contact-2\/#breadcrumb"},"inLanguage":"fr-FR","potentialAction":[{"@type":"ReadAction","target":["https:\/\/biza-coast.com\/index.php\/contact-2\/"]}]},{"@type":"ImageObject","inLanguage":"fr-FR","@id":"https:\/\/biza-coast.com\/index.php\/contact-2\/#primaryimage","url":"https:\/\/biza-coast.com\/wp-content\/uploads\/2025\/06\/StockSnap_6O7JXC5DC5.jpg","contentUrl":"https:\/\/biza-coast.com\/wp-content\/uploads\/2025\/06\/StockSnap_6O7JXC5DC5.jpg","width":2200,"height":1468},{"@type":"BreadcrumbList","@id":"https:\/\/biza-coast.com\/index.php\/contact-2\/#breadcrumb","itemListElement":[{"@type":"ListItem","position":1,"name":"Accueil","item":"https:\/\/biza-coast.com\/"},{"@type":"ListItem","position":2,"name":"Contact"}]},{"@type":"WebSite","@id":"https:\/\/biza-coast.com\/#website","url":"https:\/\/biza-coast.com\/","name":"BiZa Coast","description":"","publisher":{"@id":"https:\/\/biza-coast.com\/#organization"},"potentialAction":[{"@type":"SearchAction","target":{"@type":"EntryPoint","urlTemplate":"https:\/\/biza-coast.com\/?s={search_term_string}"},"query-input":{"@type":"PropertyValueSpecification","valueRequired":true,"valueName":"search_term_string"}}],"inLanguage":"fr-FR"},{"@type":"Organization","@id":"https:\/\/biza-coast.com\/#organization","name":"BiZa Coast","url":"https:\/\/biza-coast.com\/","logo":{"@type":"ImageObject","inLanguage":"fr-FR","@id":"https:\/\/biza-coast.com\/#\/schema\/logo\/image\/","url":"https:\/\/biza-coast.com\/wp-content\/uploads\/2025\/06\/cropped-a-logo-design-featuring-a-flowing-elegan_P3ZLV_SqQwu2HespQgzxpA_7s5iTuAUQP6lYK8U5Eum6w.jpeg","contentUrl":"https:\/\/biza-coast.com\/wp-content\/uploads\/2025\/06\/cropped-a-logo-design-featuring-a-flowing-elegan_P3ZLV_SqQwu2HespQgzxpA_7s5iTuAUQP6lYK8U5Eum6w.jpeg","width":720,"height":658,"caption":"BiZa Coast"},"image":{"@id":"https:\/\/biza-coast.com\/#\/schema\/logo\/image\/"}}]}},"_links":{"self":[{"href":"https:\/\/biza-coast.com\/index.php\/wp-json\/wp\/v2\/pages\/11","targetHints":{"allow":["GET"]}}],"collection":[{"href":"https:\/\/biza-coast.com\/index.php\/wp-json\/wp\/v2\/pages"}],"about":[{"href":"https:\/\/biza-coast.com\/index.php\/wp-json\/wp\/v2\/types\/page"}],"author":[{"embeddable":true,"href":"https:\/\/biza-coast.com\/index.php\/wp-json\/wp\/v2\/users\/1"}],"replies":[{"embeddable":true,"href":"https:\/\/biza-coast.com\/index.php\/wp-json\/wp\/v2\/comments?post=11"}],"version-history":[{"count":2,"href":"https:\/\/biza-coast.com\/index.php\/wp-json\/wp\/v2\/pages\/11\/revisions"}],"predecessor-version":[{"id":118,"href":"https:\/\/biza-coast.com\/index.php\/wp-json\/wp\/v2\/pages\/11\/revisions\/118"}],"wp:featuredmedia":[{"embeddable":true,"href":"https:\/\/biza-coast.com\/index.php\/wp-json\/wp\/v2\/media\/8"}],"wp:attachment":[{"href":"https:\/\/biza-coast.com\/index.php\/wp-json\/wp\/v2\/media?parent=11"}],"curies":[{"name":"wp","href":"https:\/\/api.w.org\/{rel}","templated":true}]}}